{"id":281,"date":"2024-01-11T22:43:23","date_gmt":"2024-01-11T22:43:23","guid":{"rendered":"https:\/\/lampeterbeerfestival.co.uk\/am-dudalen\/"},"modified":"2026-01-13T09:50:49","modified_gmt":"2026-01-13T09:50:49","slug":"am-dudalen","status":"publish","type":"page","link":"https:\/\/lampeterbeerfestival.co.uk\/cy\/am-dudalen\/","title":{"rendered":"Am Dudalen"},"content":{"rendered":"<h2><span style=\"font-weight: 400;\">Am \u0174yl Gwrw a Seidr Llambed<\/span><\/h2>\n<h3>Ein Taith<\/h3>\n<p><span style=\"font-weight: 400;\">Mae G\u0175yl Cwrw a Seidr Llambed, sy\u2019n ddigwyddiad blynyddol <\/span><span style=\"font-weight: 400;\">poblogaidd<\/span><span style=\"font-weight: 400;\"> ers 2015, yn dod \u00e2\u2019r goreuon o blith bragu Cymreig <\/span><span style=\"font-weight: 400;\">i Lambed i chi fwynhau<\/span><span style=\"font-weight: 400;\"> mewn awyrgylch bywiog a chroesawgar. <\/span><span style=\"font-weight: 400;\">Mae\u2019<\/span><span style=\"font-weight: 400;\">r hyn a ddechreuodd fel digwyddiad<\/span><span style=\"font-weight: 400;\"> bach<\/span><span style=\"font-weight: 400;\"> a drefnwyd gan Ford Gron Llambed (c<\/span><span style=\"font-weight: 400;\">riw<\/span><span style=\"font-weight: 400;\"> bach o<\/span><span style=\"font-weight: 400;\">edd yn frwd dros<\/span> <span style=\"font-weight: 400;\">g<\/span><span style=\"font-weight: 400;\">wrw lleol),<\/span><span style=\"font-weight: 400;\"> bellach<\/span><span style=\"font-weight: 400;\"> wedi blodeuo i fod yn \u0175yl y bu disgwyl mawr amdani, gan <\/span><span style=\"font-weight: 400;\">gyrraedd<\/span><span style=\"font-weight: 400;\"> ei 9fed flwyddyn o <\/span><span style=\"font-weight: 400;\">ddathlu c<\/span><span style=\"font-weight: 400;\">ymuned, diwylliant a chrefftwaith<\/span><span style=\"font-weight: 400;\"> cwrw<\/span><span style=\"font-weight: 400;\">.<\/span><\/p>\n<h3>Ein Detholiad<\/h3>\n<p><span style=\"font-weight: 400;\">Rydym yn ymfalch\u00efo mewn cynnig amrywiaeth eang o gwrw go iawn, lager, a seidr, gan arddangos y doniau bragu amrywiol a geir ledled Cymru. Mae ein g\u0175yl yn d<\/span><span style=\"font-weight: 400;\">athlu\u2019r t<\/span><span style=\"font-weight: 400;\">reftadaeth fragu gyfoethog<\/span><span style=\"font-weight: 400;\"> a geir yn<\/span><span style=\"font-weight: 400;\"> y rhanbarth, gan gynnig rhywbeth at <\/span><span style=\"font-weight: 400;\">ddant pawb<\/span><span style=\"font-weight: 400;\">, o <\/span><span style=\"font-weight: 400;\">flas dwys<\/span><span style=\"font-weight: 400;\"> hopys cwrw i seidr<\/span><span style=\"font-weight: 400;\"> melys sy\u2019n torri syched<\/span><span style=\"font-weight: 400;\">.<\/span><\/p>\n<h3>Adloniant a Mwy<\/h3>\n<p><span style=\"font-weight: 400;\">Ond nid y diodydd yn unig sy\u2019n bwysig! Mae\u2019r \u0175yl yn brofiad synhwyraidd, yn cynnwys perfformiadau byw gan gerddorion lleol dawnus. Mwynhewch gymysgedd o gyfansoddiadau gwreiddiol a ch<\/span><span style=\"font-weight: 400;\">aneuon<\/span><span style=\"font-weight: 400;\"> c<\/span><span style=\"font-weight: 400;\">yfarwydd<\/span><span style=\"font-weight: 400;\"> wrth i chi grwydro <\/span><span style=\"font-weight: 400;\">neuadd<\/span><span style=\"font-weight: 400;\"> yr \u0175yl. Mae\u2019r arlwy o gerddoriaeth wedi\u2019i guradu\u2019n feddylgar i ddarparu trac sain bywiog i\u2019ch diwrnod, o alawon ysgafn yn ystod y dydd i <\/span><span style=\"font-weight: 400;\">fiwsig<\/span><span style=\"font-weight: 400;\"> egn\u00efol gyda\u2019r nos.<\/span><\/p>\n<h3>Wedi\u2019i drefnu gyda Balchder<\/h3>\n<p><span style=\"font-weight: 400;\">\u00a0Wedi\u2019i ffurfio yn sgil cau Bord Gron Llambed, mae ein t\u00eem yn ymroddedig i gadw a gwella ysbryd yr \u0175yl. Cawn ein gyrru gan gariad at ein cymuned, angerdd am gwrw a seidr gwych, ac ymrwymiad i ddarparu profiad g\u0175yl arbennig. Ymunwch \u00e2 ni yng Ng\u0175yl Cwrw a Seidr Llambed, lle mae pob sip yn adrodd stori, a phob eiliad yn dod yn atgof. Ni allwn aros i\u2019ch croesawu!<\/span><\/p>\n<h2><\/h2>\n","protected":false},"excerpt":{"rendered":"<p>Am \u0174yl Gwrw a Seidr Llambed Ein Taith Mae G\u0175yl Cwrw a Seidr Llambed, sy\u2019n ddigwyddiad blynyddol poblogaidd ers 2015, yn dod \u00e2\u2019r goreuon o blith bragu Cymreig i Lambed i chi fwynhau mewn awyrgylch bywiog a chroesawgar. Mae\u2019r hyn a ddechreuodd fel digwyddiad bach a drefnwyd gan Ford Gron Llambed (criw bach oedd yn&hellip;<\/p>\n","protected":false},"author":1,"featured_media":0,"parent":0,"menu_order":0,"comment_status":"closed","ping_status":"closed","template":"templates\/no-sidebar.php","meta":{"footnotes":""},"class_list":["post-281","page","type-page","status-publish","hentry","entry","no-media"],"_links":{"self":[{"href":"https:\/\/lampeterbeerfestival.co.uk\/cy\/wp-json\/wp\/v2\/pages\/281","targetHints":{"allow":["GET"]}}],"collection":[{"href":"https:\/\/lampeterbeerfestival.co.uk\/cy\/wp-json\/wp\/v2\/pages"}],"about":[{"href":"https:\/\/lampeterbeerfestival.co.uk\/cy\/wp-json\/wp\/v2\/types\/page"}],"author":[{"embeddable":true,"href":"https:\/\/lampeterbeerfestival.co.uk\/cy\/wp-json\/wp\/v2\/users\/1"}],"replies":[{"embeddable":true,"href":"https:\/\/lampeterbeerfestival.co.uk\/cy\/wp-json\/wp\/v2\/comments?post=281"}],"version-history":[{"count":9,"href":"https:\/\/lampeterbeerfestival.co.uk\/cy\/wp-json\/wp\/v2\/pages\/281\/revisions"}],"predecessor-version":[{"id":672,"href":"https:\/\/lampeterbeerfestival.co.uk\/cy\/wp-json\/wp\/v2\/pages\/281\/revisions\/672"}],"wp:attachment":[{"href":"https:\/\/lampeterbeerfestival.co.uk\/cy\/wp-json\/wp\/v2\/media?parent=281"}],"curies":[{"name":"wp","href":"https:\/\/api.w.org\/{rel}","templated":true}]}}